{"id":425,"date":"2023-04-08T22:17:36","date_gmt":"2023-04-08T22:17:36","guid":{"rendered":"https:\/\/thermo-technik.com\/como-lo-hacemos\/"},"modified":"2023-09-12T13:56:42","modified_gmt":"2023-09-12T13:56:42","slug":"como-fazemos","status":"publish","type":"page","link":"http:\/\/thermo-technik.com\/pt-pt\/como-fazemos\/","title":{"rendered":"Como fazemos"},"content":{"rendered":"","protected":false},"excerpt":{"rendered":"","protected":false},"author":1,"featured_media":0,"parent":0,"menu_order":0,"comment_status":"closed","ping_status":"closed","template":"","meta":{"footnotes":""},"acf":[],"yoast_head":"<!-- This site is optimized with the Yoast SEO plugin v21.5 - https:\/\/yoast.com\/wordpress\/plugins\/seo\/ -->\n<title>Como fazemos - Thermo Technik<\/title>\n<meta name=\"description\" content=\"Thermo-Technik, membro do grupo A+P, nasceu com o prop\u00f3sito de oferecer solu\u00e7\u00f5es para a manuten\u00e7\u00e3o da Cadeia de Frio.\" \/>\n<meta name=\"robots\" content=\"index, follow, max-snippet:-1, max-image-preview:large, max-video-preview:-1\" \/>\n<link rel=\"canonical\" href=\"http:\/\/thermo-technik.com\/pt-pt\/como-fazemos\/\" \/>\n<meta property=\"og:locale\" content=\"pt_PT\" \/>\n<meta property=\"og:type\" content=\"article\" \/>\n<meta property=\"og:title\" content=\"Como fazemos - Thermo Technik\" \/>\n<meta property=\"og:description\" content=\"Thermo-Technik, membro do grupo A+P, nasceu com o prop\u00f3sito de oferecer solu\u00e7\u00f5es para a manuten\u00e7\u00e3o da Cadeia de Frio.\" \/>\n<meta property=\"og:url\" content=\"http:\/\/thermo-technik.com\/pt-pt\/como-fazemos\/\" \/>\n<meta property=\"og:site_name\" content=\"Thermo Technik\" \/>\n<meta property=\"article:modified_time\" content=\"2023-09-12T13:56:42+00:00\" \/>\n<meta name=\"twitter:card\" content=\"summary_large_image\" \/>\n<script type=\"application\/ld+json\" class=\"yoast-schema-graph\">{\"@context\":\"https:\/\/schema.org\",\"@graph\":[{\"@type\":\"WebPage\",\"@id\":\"http:\/\/thermo-technik.com\/pt-pt\/como-fazemos\/\",\"url\":\"http:\/\/thermo-technik.com\/pt-pt\/como-fazemos\/\",\"name\":\"Como fazemos - Thermo Technik\",\"isPartOf\":{\"@id\":\"http:\/\/thermo-technik.com\/pt-pt\/#website\"},\"datePublished\":\"2023-04-08T22:17:36+00:00\",\"dateModified\":\"2023-09-12T13:56:42+00:00\",\"description\":\"Thermo-Technik, membro do grupo A+P, nasceu com o prop\u00f3sito de oferecer solu\u00e7\u00f5es para a manuten\u00e7\u00e3o da Cadeia de Frio.\",\"breadcrumb\":{\"@id\":\"http:\/\/thermo-technik.com\/pt-pt\/como-fazemos\/#breadcrumb\"},\"inLanguage\":\"pt-PT\",\"potentialAction\":[{\"@type\":\"ReadAction\",\"target\":[\"http:\/\/thermo-technik.com\/pt-pt\/como-fazemos\/\"]}]},{\"@type\":\"BreadcrumbList\",\"@id\":\"http:\/\/thermo-technik.com\/pt-pt\/como-fazemos\/#breadcrumb\",\"itemListElement\":[{\"@type\":\"ListItem\",\"position\":1,\"name\":\"Portada\",\"item\":\"https:\/\/thermo-technik.com\/pt-pt\/\"},{\"@type\":\"ListItem\",\"position\":2,\"name\":\"Como fazemos\"}]},{\"@type\":\"WebSite\",\"@id\":\"http:\/\/thermo-technik.com\/pt-pt\/#website\",\"url\":\"http:\/\/thermo-technik.com\/pt-pt\/\",\"name\":\"Thermo Technik\",\"description\":\"\",\"potentialAction\":[{\"@type\":\"SearchAction\",\"target\":{\"@type\":\"EntryPoint\",\"urlTemplate\":\"http:\/\/thermo-technik.com\/pt-pt\/?s={search_term_string}\"},\"query-input\":\"required name=search_term_string\"}],\"inLanguage\":\"pt-PT\"}]}<\/script>\n<!-- \/ Yoast SEO plugin. -->","yoast_head_json":{"title":"Como fazemos - Thermo Technik","description":"Thermo-Technik, membro do grupo A+P, nasceu com o prop\u00f3sito de oferecer solu\u00e7\u00f5es para a manuten\u00e7\u00e3o da Cadeia de Frio.","robots":{"index":"index","follow":"follow","max-snippet":"max-snippet:-1","max-image-preview":"max-image-preview:large","max-video-preview":"max-video-preview:-1"},"canonical":"http:\/\/thermo-technik.com\/pt-pt\/como-fazemos\/","og_locale":"pt_PT","og_type":"article","og_title":"Como fazemos - Thermo Technik","og_description":"Thermo-Technik, membro do grupo A+P, nasceu com o prop\u00f3sito de oferecer solu\u00e7\u00f5es para a manuten\u00e7\u00e3o da Cadeia de Frio.","og_url":"http:\/\/thermo-technik.com\/pt-pt\/como-fazemos\/","og_site_name":"Thermo Technik","article_modified_time":"2023-09-12T13:56:42+00:00","twitter_card":"summary_large_image","schema":{"@context":"https:\/\/schema.org","@graph":[{"@type":"WebPage","@id":"http:\/\/thermo-technik.com\/pt-pt\/como-fazemos\/","url":"http:\/\/thermo-technik.com\/pt-pt\/como-fazemos\/","name":"Como fazemos - Thermo Technik","isPartOf":{"@id":"http:\/\/thermo-technik.com\/pt-pt\/#website"},"datePublished":"2023-04-08T22:17:36+00:00","dateModified":"2023-09-12T13:56:42+00:00","description":"Thermo-Technik, membro do grupo A+P, nasceu com o prop\u00f3sito de oferecer solu\u00e7\u00f5es para a manuten\u00e7\u00e3o da Cadeia de Frio.","breadcrumb":{"@id":"http:\/\/thermo-technik.com\/pt-pt\/como-fazemos\/#breadcrumb"},"inLanguage":"pt-PT","potentialAction":[{"@type":"ReadAction","target":["http:\/\/thermo-technik.com\/pt-pt\/como-fazemos\/"]}]},{"@type":"BreadcrumbList","@id":"http:\/\/thermo-technik.com\/pt-pt\/como-fazemos\/#breadcrumb","itemListElement":[{"@type":"ListItem","position":1,"name":"Portada","item":"https:\/\/thermo-technik.com\/pt-pt\/"},{"@type":"ListItem","position":2,"name":"Como fazemos"}]},{"@type":"WebSite","@id":"http:\/\/thermo-technik.com\/pt-pt\/#website","url":"http:\/\/thermo-technik.com\/pt-pt\/","name":"Thermo Technik","description":"","potentialAction":[{"@type":"SearchAction","target":{"@type":"EntryPoint","urlTemplate":"http:\/\/thermo-technik.com\/pt-pt\/?s={search_term_string}"},"query-input":"required name=search_term_string"}],"inLanguage":"pt-PT"}]}},"_links":{"self":[{"href":"http:\/\/thermo-technik.com\/pt-pt\/wp-json\/wp\/v2\/pages\/425"}],"collection":[{"href":"http:\/\/thermo-technik.com\/pt-pt\/wp-json\/wp\/v2\/pages"}],"about":[{"href":"http:\/\/thermo-technik.com\/pt-pt\/wp-json\/wp\/v2\/types\/page"}],"author":[{"embeddable":true,"href":"http:\/\/thermo-technik.com\/pt-pt\/wp-json\/wp\/v2\/users\/1"}],"replies":[{"embeddable":true,"href":"http:\/\/thermo-technik.com\/pt-pt\/wp-json\/wp\/v2\/comments?post=425"}],"version-history":[{"count":6,"href":"http:\/\/thermo-technik.com\/pt-pt\/wp-json\/wp\/v2\/pages\/425\/revisions"}],"predecessor-version":[{"id":484,"href":"http:\/\/thermo-technik.com\/pt-pt\/wp-json\/wp\/v2\/pages\/425\/revisions\/484"}],"wp:attachment":[{"href":"http:\/\/thermo-technik.com\/pt-pt\/wp-json\/wp\/v2\/media?parent=425"}],"curies":[{"name":"wp","href":"https:\/\/api.w.org\/{rel}","templated":true}]}}